{"id":7979,"date":"2024-12-22T09:17:06","date_gmt":"2024-12-22T09:17:06","guid":{"rendered":"https:\/\/brickandbytes.com\/?page_id=7979"},"modified":"2024-12-22T09:35:25","modified_gmt":"2024-12-22T09:35:25","slug":"kolacici","status":"publish","type":"page","link":"https:\/\/brickandbytes.com\/hr\/kolacici\/","title":{"rendered":"Cookie Poliy"},"content":{"rendered":"<div data-elementor-type=\"wp-page\" data-elementor-id=\"7979\" class=\"elementor elementor-7979\" data-elementor-settings=\"{&quot;ha_cmc_init_switcher&quot;:&quot;no&quot;}\" data-elementor-post-type=\"page\">\n\t\t\t\t<div class=\"elementor-element elementor-element-b4c0d71 e-flex e-con-boxed e-con e-parent\" data-id=\"b4c0d71\" data-element_type=\"container\" data-e-type=\"container\">\n\t\t\t\t\t<div class=\"e-con-inner\">\n\t\t\t\t<div class=\"elementor-element elementor-element-ebc61a6 elementor-widget elementor-widget-heading\" data-id=\"ebc61a6\" data-element_type=\"widget\" data-e-type=\"widget\" data-widget_type=\"heading.default\">\n\t\t\t\t\t<h2 class=\"elementor-heading-title elementor-size-default\">Politika kola\u010di\u0107a \/ Politika Kola\u010di\u0107a<\/h2>\t\t\t\t<\/div>\n\t\t\t\t<div class=\"elementor-element elementor-element-5afac79 elementor-widget elementor-widget-text-editor\" data-id=\"5afac79\" data-element_type=\"widget\" data-e-type=\"widget\" data-widget_type=\"text-editor.default\">\n\t\t\t\t\t\t\t\t\t<h3><strong style=\"text-align: var(--text-align); background-color: var( --e-global-color-cfa1f76 ); color: var( --e-global-color-primary ); font-family: var( --e-global-typography-b2ce6af-font-family ), Sans-serif; font-size: var( --e-global-typography-b2ce6af-font-size ); font-style: var( --e-global-typography-b2ce6af-font-style ); letter-spacing: var( --e-global-typography-b2ce6af-letter-spacing ); text-transform: var( --e-global-typography-b2ce6af-text-transform ); word-spacing: var( --e-global-typography-b2ce6af-word-spacing );\">Datum stupanja na snagu:<\/strong><span style=\"text-align: var(--text-align); background-color: var( --e-global-color-cfa1f76 ); color: var( --e-global-color-primary ); font-family: var( --e-global-typography-b2ce6af-font-family ), Sans-serif; font-size: var( --e-global-typography-b2ce6af-font-size ); font-style: var( --e-global-typography-b2ce6af-font-style ); font-weight: var( --e-global-typography-b2ce6af-font-weight ); letter-spacing: var( --e-global-typography-b2ce6af-letter-spacing ); text-transform: var( --e-global-typography-b2ce6af-text-transform ); word-spacing: var( --e-global-typography-b2ce6af-word-spacing );\"> 22. prosinca 2024. \/ <\/span><strong style=\"text-align: var(--text-align); background-color: var( --e-global-color-cfa1f76 ); color: var( --e-global-color-primary ); font-family: var( --e-global-typography-b2ce6af-font-family ), Sans-serif; font-size: var( --e-global-typography-b2ce6af-font-size ); font-style: var( --e-global-typography-b2ce6af-font-style ); letter-spacing: var( --e-global-typography-b2ce6af-letter-spacing ); text-transform: var( --e-global-typography-b2ce6af-text-transform ); word-spacing: var( --e-global-typography-b2ce6af-word-spacing );\">Datum stupanja na snagu:<\/strong><span style=\"text-align: var(--text-align); background-color: var( --e-global-color-cfa1f76 ); color: var( --e-global-color-primary ); font-family: var( --e-global-typography-b2ce6af-font-family ), Sans-serif; font-size: var( --e-global-typography-b2ce6af-font-size ); font-style: var( --e-global-typography-b2ce6af-font-style ); font-weight: var( --e-global-typography-b2ce6af-font-weight ); letter-spacing: var( --e-global-typography-b2ce6af-letter-spacing ); text-transform: var( --e-global-typography-b2ce6af-text-transform ); word-spacing: var( --e-global-typography-b2ce6af-word-spacing );\"> 22. prosinca 2024.<\/span><\/h3>\n<p><strong>Zadnje a\u017euriranje:<\/strong> 22. prosinca 2024. \/ <strong>Zadnje a\u017euriranje:<\/strong> 22. prosinca 2024.<\/p>\n<p><strong>SkanVie doo<\/strong> (&quot;mi&quot;, &quot;na\u0161&quot; ili &quot;nas&quot; \/ &quot;mi&quot;, &quot;na\u0161&quot; ili &quot;nas&quot;) se obvezuje osigurati za\u0161titu va\u0161e privatnosti kada posjetite na\u0161u web stranicu <strong>brickandbytes.com<\/strong>. Ova Pravila o kola\u010di\u0107ima obja\u0161njavaju kako koristimo kola\u010di\u0107e i sli\u010dne tehnologije za pobolj\u0161anje va\u0161eg iskustva pregledavanja i pru\u017eanje personaliziranog sadr\u017eaja.<\/p>\n<p><strong>SkanVie doo<\/strong> posve\u0107en je za\u0161titi va\u0161e privatnosti prilikom posjete na\u0161oj web stranici <strong>brickandbytes.com<\/strong>. Ova Pravila o kola\u010di\u0107ima obja\u0161njavaju kako koristimo kola\u010di\u0107e i sli\u010dne tehnologije kako bismo pobolj\u0161ali va\u0161e iskustvo pregledavanja i pru\u017eili personalizirani sadr\u017eaj.<\/p>\n<hr>\n<h3>1. \u0160to su kola\u010di\u0107i? \/ \u0160to su kola\u010di\u0107i?<\/h3>\n<p>Kola\u010di\u0107i su male tekstualne datoteke koje va\u0161 web preglednik pohranjuje na va\u0161 ure\u0111aj (ra\u010dunalo ili mobitel). Omogu\u0107uju web stranici da zapamti va\u0161e postavke, podatke za prijavu ili pro\u0161le interakcije.<\/p>\n<p>Kola\u010di\u0107i su male tekstualne datoteke koje se pohranjuju na va\u0161 ure\u0111aj (ra\u010dunalo ili mobilni ure\u0111aj) putem va\u0161eg preglednika. Omogu\u0107uju web stranicu da zapamtite svoje postavke, podatke za prijavu ili prethodne interakcije.<\/p>\n<hr>\n<h3>2. Vrste kola\u010di\u0107a koje koristimo \/ Vrste kola\u010di\u0107a koje koristimo<\/h3>\n<p>Na na\u0161oj web stranici koristimo sljede\u0107e vrste kola\u010di\u0107a:<\/p>\n<p>Na na\u0161oj web stranici koristimo sljede\u0107e vrste kola\u010di\u0107a:<\/p>\n<ul>\n<li>\n<p><strong>Neophodni kola\u010di\u0107i:<\/strong><br>Oni su neophodni za funkcioniranje web stranice.<br><strong>Primjer:<\/strong> <code>elementor<\/code> (koristi se za upravljanje sadr\u017eajem).<br><strong>Obavezni kola\u010di\u0107i:<\/strong><br>Ovi kola\u010di\u0107i su klju\u010dni za funkcioniranje web stranice.<br><strong>Primjer:<\/strong> <code>elementor<\/code> (koristi se za upravljanje sadr\u017eajem web stranice).<\/p>\n<\/li>\n<li>\n<p><strong>Kola\u010di\u0107i analitike:<\/strong><br>Pomozite nam razumjeti kako korisnici stupaju u interakciju s na\u0161im web mjestom kako bismo pobolj\u0161ali korisni\u010dko iskustvo.<br><strong>Primjeri:<\/strong><\/p>\n<ul>\n<li><code>sbjs_migracije<\/code> (Sourcebuster kola\u010di\u0107 za pra\u0107enje izvora posjeta).<\/li>\n<li><code>sbjs_trenutni_dodaj<\/code>, <code>sbjs_prvi_dodaj<\/code> (pohraniti informacije o radnji korisnika).<br><strong>Analiti\u010dki kola\u010di\u0107i:<\/strong><br>Poma\u017eu nam razumjeti kako korisnici koriste na\u0161u web stranicu radi pobolj\u0161anja korisni\u010dkog iskustva.<br><strong>Primjeri:<\/strong><\/li>\n<li><code>sbjs_migracije<\/code> (Sourcebuster kola\u010di\u0107 za pra\u0107enje izvora posjeta).<\/li>\n<li><code>sbjs_trenutni_dodaj<\/code>, <code>sbjs_prvi_dodaj<\/code> (pohranjuju informacije o korisni\u010dkim radnjama).<\/li>\n<\/ul>\n<\/li>\n<\/ul>\n<ul>\n<li>\n<p><strong>Kola\u010di\u0107i pona\u0161anja:<\/strong><br>Pobolj\u0161ajte korisni\u010dko iskustvo pra\u0107enjem interakcija.<br><strong>Primjer:<\/strong> <code>sbjs_sesija<\/code>.<br><strong>Kola\u010di\u0107i pona\u0161anja:<\/strong><br>Pobolj\u0161avaju korisni\u010dko pra\u0107enje iskustva va\u0161ih interakcija s web stranicom.<br><strong>Primjer:<\/strong> <code>sbjs_sesija<\/code>.<\/p>\n<\/li>\n<li>\n<p><strong>Ostali kola\u010di\u0107i:<\/strong><br><strong>Primjeri:<\/strong> <code>hu-konfig<\/code> i <code>hu-sjednica<\/code> (kola\u010di\u0107i vezani uz sesiju).<br><strong>Ostali kola\u010di\u0107i:<\/strong><br><strong>Primjeri:<\/strong> <code>hu-konfig<\/code> ja <code>hu-sjednica<\/code> (kola\u010di\u0107i povezani sa sesijama).<\/p>\n<\/li>\n<\/ul>\n<hr>\n<h3>3. Managing Your Cookie Preferences \/ Upravljanje postavkama kola\u010di\u0107a<\/h3>\n<p>Kola\u010di\u0107e mo\u017eete kontrolirati ili onemogu\u0107iti u bilo kojem trenutku putem:<\/p>\n<ul>\n<li>Banner pristanka na kola\u010di\u0107e na na\u0161oj web stranici.<\/li>\n<li>Va\u0161e postavke preglednika. Imajte na umu da onemogu\u0107avanje odre\u0111enih kola\u010di\u0107a mo\u017ee utjecati na funkcionalnost web stranice.<\/li>\n<\/ul>\n<p>Mo\u017eete kontrolirati ili onemogu\u0107iti kola\u010di\u0107e u bilo kojem trenutku putem:<\/p>\n<ul>\n<li>Natpisa za pristanak na kola\u010di\u0107e na na\u0161oj web stranici.<\/li>\n<li>Postavki va\u0161eg preglednika. Imajte na umu da onemogu\u0107avanje odre\u0111enih kola\u010di\u0107a mo\u017ee utjecati na funkcionalnost web stranice.<\/li>\n<\/ul>\n<hr>\n<h3>4. Third-Party Cookies \/ Kola\u010di\u0107i tre\u0107ih strana<\/h3>\n<p>Google Analytics koristimo za analizu prometa na web stranici i pona\u0161anja korisnika. Google Analytics mo\u017ee postaviti kola\u010di\u0107e u tu svrhu. Za vi\u0161e informacija pogledajte Googleova pravila o privatnosti: <a href=\"https:\/\/policies.google.com\/privacy\">Google Pravila o privatnosti<\/a>.<\/p>\n<p>Koristimo Google Analytics za analizu prometa i pona\u0161anja korisnika na web stranici. Google Analytics mo\u017ee postaviti kola\u010di\u0107e kako bi prikupljao te informacije. Vi\u0161e informacija o njihovim pravilima privatnosti mo\u017eete prona\u0107i ovdje: <a href=\"https:\/\/policies.google.com\/privacy\">Googleova Pravila privatnosti<\/a>.<\/p>\n<hr>\n<h3>5. A\u017euriranja ove politike \/ Pravila a\u017euriranja<\/h3>\n<p>Mo\u017eemo povremeno a\u017eurirati ovu Politiku kola\u010di\u0107a kako bi odra\u017eavala promjene u tehnologiji, zakonodavstvu ili na\u0161em poslovanju. A\u017euriranja \u0107e biti objavljena na ovoj stranici, a va\u0161e daljnje kori\u0161tenje na\u0161e web stranice predstavlja prihva\u0107anje a\u017euriranih pravila.<\/p>\n<p>Mo\u017eemo povremeno a\u017eurirati ova Pravila o kola\u010di\u0107ima kako bismo odrazili promjene u tehnologiji, zakonodavstvu ili na\u0161em poslovanju. Sve izmjene bit \u0107e objavljene na ovoj stranici, a va\u0161e daljnje kori\u0161tenje web stranice smatrat \u0107e se prihva\u0107anjem a\u017euriranih pravila.<\/p>\n<hr>\n<h3>6. Kontaktirajte nas \/ Kontaktirajte nas<\/h3>\n<p>Za sva pitanja obratite nam se na <strong><a href=\"mailto:valnea@brickandbytes.com\">valnea@brickandbytes.com<\/a><\/strong>.<\/p>\n<p>Za sva pitanja, obratite nam se na <strong><a href=\"mailto:valnea@brickandbytes.com\">valnea@brickandbytes.com<\/a><\/strong>.<\/p>\t\t\t\t\t\t\t\t<\/div>\n\t\t\t\t\t<\/div>\n\t\t\t\t<\/div>\n\t\t\t\t<\/div>","protected":false},"excerpt":{"rendered":"<p>Cookie Policy \/ Politika Kola\u010di\u0107a Effective Date: 22-Dec-2024 \/ Datum stupanja na snagu: 22. prosinca 2024. Last Updated: 22-Dec-2024 \/ Zadnje a\u017euriranje: 22. prosinca 2024. SkanVie d.o.o. (&#8220;we,&#8221; &#8220;our,&#8221; or &#8220;us&#8221; \/ &#8220;mi&#8221;, &#8220;na\u0161&#8221; ili &#8220;nas&#8221;) is committed to ensuring your privacy is protected when you visit our website brickandbytes.com. This Cookie Policy explains how [&hellip;]<\/p>\n","protected":false},"author":6,"featured_media":0,"parent":0,"menu_order":0,"comment_status":"closed","ping_status":"closed","template":"","meta":{"footnotes":""},"class_list":["post-7979","page","type-page","status-publish","hentry"],"yoast_head":"<!-- This site is optimized with the Yoast SEO plugin v27.2 - https:\/\/yoast.com\/product\/yoast-seo-wordpress\/ -->\n<title>Cookie Poliy &#8211; Pretty &amp; Profitable Websites<\/title>\n<meta name=\"robots\" content=\"index, follow, max-snippet:-1, max-image-preview:large, max-video-preview:-1\" \/>\n<link rel=\"canonical\" href=\"https:\/\/brickandbytes.com\/hr\/kolacici\/\" \/>\n<meta property=\"og:locale\" content=\"hr_HR\" \/>\n<meta property=\"og:type\" content=\"article\" \/>\n<meta property=\"og:title\" content=\"Cookie Poliy &#8211; Pretty &amp; Profitable Websites\" \/>\n<meta property=\"og:description\" content=\"Cookie Policy \/ Politika Kola\u010di\u0107a Effective Date: 22-Dec-2024 \/ Datum stupanja na snagu: 22. prosinca 2024. Last Updated: 22-Dec-2024 \/ Zadnje a\u017euriranje: 22. prosinca 2024. SkanVie d.o.o. (&#8220;we,&#8221; &#8220;our,&#8221; or &#8220;us&#8221; \/ &#8220;mi&#8221;, &#8220;na\u0161&#8221; ili &#8220;nas&#8221;) is committed to ensuring your privacy is protected when you visit our website brickandbytes.com. This Cookie Policy explains how [&hellip;]\" \/>\n<meta property=\"og:url\" content=\"https:\/\/brickandbytes.com\/hr\/kolacici\/\" \/>\n<meta property=\"og:site_name\" content=\"Pretty &amp; Profitable Websites\" \/>\n<meta property=\"article:publisher\" content=\"https:\/\/web.facebook.com\/brickandbytes\" \/>\n<meta property=\"article:modified_time\" content=\"2024-12-22T09:35:25+00:00\" \/>\n<meta property=\"og:image\" content=\"https:\/\/brickandbytes.com\/wp-content\/uploads\/2024\/12\/6-1.png\" \/>\n\t<meta property=\"og:image:width\" content=\"1920\" \/>\n\t<meta property=\"og:image:height\" content=\"1080\" \/>\n\t<meta property=\"og:image:type\" content=\"image\/png\" \/>\n<meta name=\"twitter:card\" content=\"summary_large_image\" \/>\n<meta name=\"twitter:label1\" content=\"Procijenjeno vrijeme \u010ditanja\" \/>\n\t<meta name=\"twitter:data1\" content=\"3 minute\" \/>\n<script type=\"application\/ld+json\" class=\"yoast-schema-graph\">{\"@context\":\"https:\/\/schema.org\",\"@graph\":[{\"@type\":\"WebPage\",\"@id\":\"https:\/\/brickandbytes.com\/cookies\/\",\"url\":\"https:\/\/brickandbytes.com\/cookies\/\",\"name\":\"Cookie Poliy &#8211; Pretty &amp; Profitable Websites\",\"isPartOf\":{\"@id\":\"https:\/\/brickandbytes.com\/#website\"},\"datePublished\":\"2024-12-22T09:17:06+00:00\",\"dateModified\":\"2024-12-22T09:35:25+00:00\",\"breadcrumb\":{\"@id\":\"https:\/\/brickandbytes.com\/cookies\/#breadcrumb\"},\"inLanguage\":\"hr\",\"potentialAction\":[{\"@type\":\"ReadAction\",\"target\":[\"https:\/\/brickandbytes.com\/cookies\/\"]}]},{\"@type\":\"BreadcrumbList\",\"@id\":\"https:\/\/brickandbytes.com\/cookies\/#breadcrumb\",\"itemListElement\":[{\"@type\":\"ListItem\",\"position\":1,\"name\":\"Home\",\"item\":\"https:\/\/brickandbytes.com\/\"},{\"@type\":\"ListItem\",\"position\":2,\"name\":\"Cookie Poliy\"}]},{\"@type\":\"WebSite\",\"@id\":\"https:\/\/brickandbytes.com\/#website\",\"url\":\"https:\/\/brickandbytes.com\/\",\"name\":\"Pretty & Profitable Websites\",\"description\":\"Web Design for Small Businesses\",\"publisher\":{\"@id\":\"https:\/\/brickandbytes.com\/#organization\"},\"potentialAction\":[{\"@type\":\"SearchAction\",\"target\":{\"@type\":\"EntryPoint\",\"urlTemplate\":\"https:\/\/brickandbytes.com\/?s={search_term_string}\"},\"query-input\":{\"@type\":\"PropertyValueSpecification\",\"valueRequired\":true,\"valueName\":\"search_term_string\"}}],\"inLanguage\":\"hr\"},{\"@type\":\"Organization\",\"@id\":\"https:\/\/brickandbytes.com\/#organization\",\"name\":\"Brick and Bytes\",\"url\":\"https:\/\/brickandbytes.com\/\",\"logo\":{\"@type\":\"ImageObject\",\"inLanguage\":\"hr\",\"@id\":\"https:\/\/brickandbytes.com\/#\/schema\/logo\/image\/\",\"url\":\"https:\/\/brickandbytes.com\/wp-content\/uploads\/2024\/12\/cropped-Brick-Bytes-2-1.png\",\"contentUrl\":\"https:\/\/brickandbytes.com\/wp-content\/uploads\/2024\/12\/cropped-Brick-Bytes-2-1.png\",\"width\":700,\"height\":200,\"caption\":\"Brick and Bytes\"},\"image\":{\"@id\":\"https:\/\/brickandbytes.com\/#\/schema\/logo\/image\/\"},\"sameAs\":[\"https:\/\/web.facebook.com\/brickandbytes\",\"https:\/\/www.instagram.com\/brickandbytes\/\",\"https:\/\/www.linkedin.com\/company\/brick-and-bytes\/\"]}]}<\/script>\n<!-- \/ Yoast SEO plugin. -->","yoast_head_json":{"title":"Pravila o kola\u010di\u0107ima \u2013 Lijepe i profitabilne web stranice","robots":{"index":"index","follow":"follow","max-snippet":"max-snippet:-1","max-image-preview":"max-image-preview:large","max-video-preview":"max-video-preview:-1"},"canonical":"https:\/\/brickandbytes.com\/hr\/kolacici\/","og_locale":"hr_HR","og_type":"article","og_title":"Cookie Poliy &#8211; Pretty &amp; Profitable Websites","og_description":"Cookie Policy \/ Politika Kola\u010di\u0107a Effective Date: 22-Dec-2024 \/ Datum stupanja na snagu: 22. prosinca 2024. Last Updated: 22-Dec-2024 \/ Zadnje a\u017euriranje: 22. prosinca 2024. SkanVie d.o.o. (&#8220;we,&#8221; &#8220;our,&#8221; or &#8220;us&#8221; \/ &#8220;mi&#8221;, &#8220;na\u0161&#8221; ili &#8220;nas&#8221;) is committed to ensuring your privacy is protected when you visit our website brickandbytes.com. This Cookie Policy explains how [&hellip;]","og_url":"https:\/\/brickandbytes.com\/hr\/kolacici\/","og_site_name":"Pretty &amp; Profitable Websites","article_publisher":"https:\/\/web.facebook.com\/brickandbytes","article_modified_time":"2024-12-22T09:35:25+00:00","og_image":[{"width":1920,"height":1080,"url":"https:\/\/brickandbytes.com\/wp-content\/uploads\/2024\/12\/6-1.png","type":"image\/png"}],"twitter_card":"summary_large_image","twitter_misc":{"Procijenjeno vrijeme \u010ditanja":"3 minute"},"schema":{"@context":"https:\/\/schema.org","@graph":[{"@type":"WebPage","@id":"https:\/\/brickandbytes.com\/cookies\/","url":"https:\/\/brickandbytes.com\/cookies\/","name":"Pravila o kola\u010di\u0107ima \u2013 Lijepe i profitabilne web stranice","isPartOf":{"@id":"https:\/\/brickandbytes.com\/#website"},"datePublished":"2024-12-22T09:17:06+00:00","dateModified":"2024-12-22T09:35:25+00:00","breadcrumb":{"@id":"https:\/\/brickandbytes.com\/cookies\/#breadcrumb"},"inLanguage":"hr","potentialAction":[{"@type":"ReadAction","target":["https:\/\/brickandbytes.com\/cookies\/"]}]},{"@type":"BreadcrumbList","@id":"https:\/\/brickandbytes.com\/cookies\/#breadcrumb","itemListElement":[{"@type":"ListItem","position":1,"name":"Home","item":"https:\/\/brickandbytes.com\/"},{"@type":"ListItem","position":2,"name":"Cookie Poliy"}]},{"@type":"WebSite","@id":"https:\/\/brickandbytes.com\/#website","url":"https:\/\/brickandbytes.com\/","name":"Lijepe &amp; Profitabilne Web Stranice","description":"Web dizajn za mala poduze\u0107a","publisher":{"@id":"https:\/\/brickandbytes.com\/#organization"},"potentialAction":[{"@type":"SearchAction","target":{"@type":"EntryPoint","urlTemplate":"https:\/\/brickandbytes.com\/?s={search_term_string}"},"query-input":{"@type":"PropertyValueSpecification","valueRequired":true,"valueName":"search_term_string"}}],"inLanguage":"hr"},{"@type":"Organization","@id":"https:\/\/brickandbytes.com\/#organization","name":"Brick and Bytes","url":"https:\/\/brickandbytes.com\/","logo":{"@type":"ImageObject","inLanguage":"hr","@id":"https:\/\/brickandbytes.com\/#\/schema\/logo\/image\/","url":"https:\/\/brickandbytes.com\/wp-content\/uploads\/2024\/12\/cropped-Brick-Bytes-2-1.png","contentUrl":"https:\/\/brickandbytes.com\/wp-content\/uploads\/2024\/12\/cropped-Brick-Bytes-2-1.png","width":700,"height":200,"caption":"Brick and Bytes"},"image":{"@id":"https:\/\/brickandbytes.com\/#\/schema\/logo\/image\/"},"sameAs":["https:\/\/web.facebook.com\/brickandbytes","https:\/\/www.instagram.com\/brickandbytes\/","https:\/\/www.linkedin.com\/company\/brick-and-bytes\/"]}]}},"_links":{"self":[{"href":"https:\/\/brickandbytes.com\/hr\/wp-json\/wp\/v2\/pages\/7979","targetHints":{"allow":["GET"]}}],"collection":[{"href":"https:\/\/brickandbytes.com\/hr\/wp-json\/wp\/v2\/pages"}],"about":[{"href":"https:\/\/brickandbytes.com\/hr\/wp-json\/wp\/v2\/types\/page"}],"author":[{"embeddable":true,"href":"https:\/\/brickandbytes.com\/hr\/wp-json\/wp\/v2\/users\/6"}],"replies":[{"embeddable":true,"href":"https:\/\/brickandbytes.com\/hr\/wp-json\/wp\/v2\/comments?post=7979"}],"version-history":[{"count":5,"href":"https:\/\/brickandbytes.com\/hr\/wp-json\/wp\/v2\/pages\/7979\/revisions"}],"predecessor-version":[{"id":7999,"href":"https:\/\/brickandbytes.com\/hr\/wp-json\/wp\/v2\/pages\/7979\/revisions\/7999"}],"wp:attachment":[{"href":"https:\/\/brickandbytes.com\/hr\/wp-json\/wp\/v2\/media?parent=7979"}],"curies":[{"name":"radni list","href":"https:\/\/api.w.org\/{rel}","templated":true}]}}